{"id":145,"date":"2018-11-28T11:48:10","date_gmt":"2018-11-28T11:48:10","guid":{"rendered":"http:\/\/villaverdemobiliario.com\/?page_id=145"},"modified":"2018-11-28T11:52:44","modified_gmt":"2018-11-28T11:52:44","slug":"responsabilidad-social","status":"publish","type":"page","link":"https:\/\/villaverdemobiliario.com\/?page_id=145","title":{"rendered":"RESPONSABILIDAD SOCIAL"},"content":{"rendered":"<p><img loading=\"lazy\" class=\"size-medium wp-image-146 alignleft\" src=\"http:\/\/villaverdemobiliario.com\/wp-content\/uploads\/2018\/11\/SERVIGEST8-300x200.jpg\" alt=\"\" width=\"300\" height=\"200\" srcset=\"https:\/\/villaverdemobiliario.com\/wp-content\/uploads\/2018\/11\/SERVIGEST8-300x200.jpg 300w, https:\/\/villaverdemobiliario.com\/wp-content\/uploads\/2018\/11\/SERVIGEST8-768x511.jpg 768w, https:\/\/villaverdemobiliario.com\/wp-content\/uploads\/2018\/11\/SERVIGEST8-1024x682.jpg 1024w\" sizes=\"(max-width: 300px) 100vw, 300px\" \/><\/p>\n<p>En Villaverde Mobiliario, creemos que la Responsabilidad Social de las empresas es un concepto necesario e integrador.<\/p>\n<p>Participamos act\u00edvamente con el deporte burgal\u00e9s, colaborando con nuestro equipo local de Baloncesto en silla de ruedas, SERVIGEST,\u00a0 actualmente en PRIMERA DIVISI\u00d3N DE LA LIGA NACIONAL.<\/p>\n<p><a href=\"http:\/\/www.servigestburgos.com\/bsr\/\">http:\/\/www.servigestburgos.com\/bsr\/<\/a><\/p>\n<p>&nbsp;<\/p>\n<p>&nbsp;<\/p>\n<p>&nbsp;<\/p>\n<p><img loading=\"lazy\" class=\"size-medium wp-image-147 alignleft\" style=\"color: #333333; font-family: Georgia, 'Times New Roman', 'Bitstream Charter', Times, serif; font-size: 16px;\" src=\"http:\/\/villaverdemobiliario.com\/wp-content\/uploads\/2018\/11\/IMG_20170528_133745-300x225.jpg\" alt=\"\" width=\"300\" height=\"225\" srcset=\"https:\/\/villaverdemobiliario.com\/wp-content\/uploads\/2018\/11\/IMG_20170528_133745-300x225.jpg 300w, https:\/\/villaverdemobiliario.com\/wp-content\/uploads\/2018\/11\/IMG_20170528_133745-768x576.jpg 768w, https:\/\/villaverdemobiliario.com\/wp-content\/uploads\/2018\/11\/IMG_20170528_133745-1024x768.jpg 1024w\" sizes=\"(max-width: 300px) 100vw, 300px\" \/><\/p>\n<p>&nbsp;<\/p>\n<p>Tambi\u00e9n somos patrocinadores principales de la ya cl\u00e1sica CARRERA POPULAR SOLIDARIA DEL POL\u00cdGONO INDUSTRIAL DE VILLALONQU\u00c9JAR, en la que cada a\u00f1o, m\u00e1s de 1000 participantes disfrutan de un circuito homologado por la REAL FEDERACI\u00d3N ESPA\u00d1OLA DE ATLETISMO, con participaci\u00f3n de m\u00e1s de 400 ni\u00f1os a los que se les organizan un mont\u00f3n de actividades para disfrutar de un d\u00eda en familia.<\/p>\n<p><img loading=\"lazy\" class=\"size-medium wp-image-151 alignright\" src=\"http:\/\/villaverdemobiliario.com\/wp-content\/uploads\/2018\/11\/logo-poligono-saludable-sin-fondo-300x298.jpg\" alt=\"\" width=\"300\" height=\"298\" srcset=\"https:\/\/villaverdemobiliario.com\/wp-content\/uploads\/2018\/11\/logo-poligono-saludable-sin-fondo-300x298.jpg 300w, https:\/\/villaverdemobiliario.com\/wp-content\/uploads\/2018\/11\/logo-poligono-saludable-sin-fondo-150x150.jpg 150w, https:\/\/villaverdemobiliario.com\/wp-content\/uploads\/2018\/11\/logo-poligono-saludable-sin-fondo.jpg 673w\" sizes=\"(max-width: 300px) 100vw, 300px\" \/><\/p>\n<p>&nbsp;<\/p>\n<p>&nbsp;<\/p>\n<p>&nbsp;<\/p>\n<p>&nbsp;<\/p>\n<p>Nos hemos propuesto, con la Asociaci\u00f3n de Empresarios del Pol\u00edgono de Villalonqu\u00e9jar, y con diversas empresas instaladas en \u00e9l, ser el <strong>PRIMER POL\u00cdGONO SALUDABLE DE ESPA\u00d1A.<\/strong><\/p>\n<p>Con el fin de que las empresas del pol\u00edgono puedan desarrollar pr\u00e1cticas saludables, adem\u00e1s de crear un espacio de intercambio de experiencias entre las mismas, que ser\u00e1 posible gracias una serie de acciones y actividades que se realizar\u00e1n a partir del a\u00f1o 2018. Se trata de un proyecto de gran importancia para la asociaci\u00f3n, puesto que gracias a estas pr\u00e1cticas se establecer\u00e1n nexos con la comunidad y con todo lo que pueda tener un profundo efecto en la salud y calidad de vida de los trabajadores, que son el principal activo de las empresas y de nuestro pol\u00edgono.<\/p>\n<p>Objetivos<\/p>\n<div class=\"su-list su-list-style-\">\n<ul>\n<li>Acceso a pr\u00e1cticas saludables.<\/li>\n<li>Mejorar, proteger y promover la salud, bienestar, seguridad y satisfacci\u00f3n de la plantilla de forma sostenible.<\/li>\n<li>Compromiso de las empresas con el bienestar de sus empleados.<\/li>\n<li>Incrementar la competitividad y sostenibilidad de las empresas.<\/li>\n<li>Mejorar la imagen empresarial.<\/li>\n<li>Ser pol\u00edgono de referencia en el \u00e1mbito saludable.<\/li>\n<\/ul>\n<\/div>\n<p>&nbsp;<\/p>\n","protected":false},"excerpt":{"rendered":"<p>En Villaverde Mobiliario, creemos que la Responsabilidad Social de las empresas es un concepto necesario e integrador. Participamos act\u00edvamente con el deporte burgal\u00e9s, colaborando con nuestro equipo local de Baloncesto en silla de ruedas, SERVIGEST,\u00a0 actualmente en PRIMERA DIVISI\u00d3N DE LA LIGA NACIONAL. http:\/\/www.servigestburgos.com\/bsr\/ &nbsp; &nbsp; &nbsp; &nbsp; Tambi\u00e9n somos patrocinadores principales de la ya [&hellip;]<\/p>\n","protected":false},"author":1,"featured_media":0,"parent":0,"menu_order":0,"comment_status":"closed","ping_status":"closed","template":"","meta":[],"_links":{"self":[{"href":"https:\/\/villaverdemobiliario.com\/index.php?rest_route=\/wp\/v2\/pages\/145"}],"collection":[{"href":"https:\/\/villaverdemobiliario.com\/index.php?rest_route=\/wp\/v2\/pages"}],"about":[{"href":"https:\/\/villaverdemobiliario.com\/index.php?rest_route=\/wp\/v2\/types\/page"}],"author":[{"embeddable":true,"href":"https:\/\/villaverdemobiliario.com\/index.php?rest_route=\/wp\/v2\/users\/1"}],"replies":[{"embeddable":true,"href":"https:\/\/villaverdemobiliario.com\/index.php?rest_route=%2Fwp%2Fv2%2Fcomments&post=145"}],"version-history":[{"count":5,"href":"https:\/\/villaverdemobiliario.com\/index.php?rest_route=\/wp\/v2\/pages\/145\/revisions"}],"predecessor-version":[{"id":153,"href":"https:\/\/villaverdemobiliario.com\/index.php?rest_route=\/wp\/v2\/pages\/145\/revisions\/153"}],"wp:attachment":[{"href":"https:\/\/villaverdemobiliario.com\/index.php?rest_route=%2Fwp%2Fv2%2Fmedia&parent=145"}],"curies":[{"name":"wp","href":"https:\/\/api.w.org\/{rel}","templated":true}]}}